{"id":35375,"date":"2019-11-05T10:57:32","date_gmt":"2019-11-05T09:57:32","guid":{"rendered":"http:\/\/www.kita-regenbogen.ch\/?page_id=35375"},"modified":"2019-11-05T11:14:35","modified_gmt":"2019-11-05T10:14:35","slug":"lapurla-projekt-bonbon","status":"publish","type":"page","link":"https:\/\/www.kita-regenbogen.ch\/en\/paedagogik\/lapurla-projekt-bonbon\/","title":{"rendered":"Lapurla-Projekt BonBon"},"content":{"rendered":"<h2>Kunst f\u00fcr die J\u00fcngsten \u2013 Zu jung f\u00fcrs Museum? Ganz und gar nicht!<\/h2>\n<p>In Rahmen des nationalen Pilotprojekts <a href=\"http:\/\/www.lapurla.ch\/projekte\/bonbon.html\">Lapurla<\/a> besuchen Kinder im Alter von acht bis 18 Monate der Kita Regenbogen Z\u00fcrich das Migros Museum f\u00fcr Gegenwartskunst. Gemeinsam betreuen die Kita-Leiterinnen und die Kunstvermittlerinnen die Begegnung mit Kunst im fr\u00fchsten Alter. So entdecken die J\u00fcngsten bei regelm\u00e4ssigen Besuchen im Museum die vielf\u00e4ltige Sinneswelt der zeitgen\u00f6ssischen Kunst. \u00c4sthetische Bildung und F\u00f6rderung von Kreativit\u00e4t beginnen hier, bei den Kindern werden Wahrnehmungsf\u00e4higkeit und Selbstwirksamkeit unterst\u00fctzt. Kultur st\u00e4rkt die Pers\u00f6nlichkeit \u2013 von Anfang an! Das Projekt ist gef\u00f6rdert durch die nationale Initiative Lapurla des Migros-Kulturprozent und der Hochschule der K\u00fcnste Bern HKB.<\/p>\n<h4>Projektpartner<\/h4>\n<p>Migros Museum f\u00fcr Gegenwartskunst<br \/>\nLimmatstrasse 270<br \/>\n8005 Z\u00fcrich<\/p>\n<p>Kita Regenbogen<br \/>\nJosefstrasse 212<br \/>\n8050 Z\u00fcrich<\/p>\n<h4>F\u00f6rderer<\/h4>\n<p>Finanziert durch Kita Regenbogen, Migros Museum f\u00fcr Gegenwartskunst sowie einen Impulsbeitrag der Initiative Lapurla (2018).<\/p>\n","protected":false},"excerpt":{"rendered":"<p>Kunst f\u00fcr die J\u00fcngsten \u2013 Zu jung f\u00fcrs Museum? Ganz und gar nicht! In Rahmen des nationalen Pilotprojekts Lapurla besuchen Kinder im Alter von acht bis 18 Monate der Kita Regenbogen Z\u00fcrich das Migros Museum f\u00fcr Gegenwartskunst. Gemeinsam betreuen die Kita-Leiterinnen und die Kunstvermittlerinnen die Begegnung mit Kunst im fr\u00fchsten Alter. So entdecken die J\u00fcngsten [&hellip;]<\/p>\n","protected":false},"author":2,"featured_media":0,"parent":683,"menu_order":5,"comment_status":"closed","ping_status":"closed","template":"","meta":{"footnotes":""},"categories":[],"tags":[],"class_list":["post-35375","page","type-page","status-publish","hentry"],"_links":{"self":[{"href":"https:\/\/www.kita-regenbogen.ch\/en\/wp-json\/wp\/v2\/pages\/35375","targetHints":{"allow":["GET"]}}],"collection":[{"href":"https:\/\/www.kita-regenbogen.ch\/en\/wp-json\/wp\/v2\/pages"}],"about":[{"href":"https:\/\/www.kita-regenbogen.ch\/en\/wp-json\/wp\/v2\/types\/page"}],"author":[{"embeddable":true,"href":"https:\/\/www.kita-regenbogen.ch\/en\/wp-json\/wp\/v2\/users\/2"}],"replies":[{"embeddable":true,"href":"https:\/\/www.kita-regenbogen.ch\/en\/wp-json\/wp\/v2\/comments?post=35375"}],"version-history":[{"count":3,"href":"https:\/\/www.kita-regenbogen.ch\/en\/wp-json\/wp\/v2\/pages\/35375\/revisions"}],"predecessor-version":[{"id":35378,"href":"https:\/\/www.kita-regenbogen.ch\/en\/wp-json\/wp\/v2\/pages\/35375\/revisions\/35378"}],"up":[{"embeddable":true,"href":"https:\/\/www.kita-regenbogen.ch\/en\/wp-json\/wp\/v2\/pages\/683"}],"wp:attachment":[{"href":"https:\/\/www.kita-regenbogen.ch\/en\/wp-json\/wp\/v2\/media?parent=35375"}],"wp:term":[{"taxonomy":"category","embeddable":true,"href":"https:\/\/www.kita-regenbogen.ch\/en\/wp-json\/wp\/v2\/categories?post=35375"},{"taxonomy":"post_tag","embeddable":true,"href":"https:\/\/www.kita-regenbogen.ch\/en\/wp-json\/wp\/v2\/tags?post=35375"}],"curies":[{"name":"wp","href":"https:\/\/api.w.org\/{rel}","templated":true}]}}