{"id":693,"date":"2016-12-02T10:57:33","date_gmt":"2016-12-02T09:57:33","guid":{"rendered":"http:\/\/www.kita-regenbogen.ch\/kontakt\/feedback\/"},"modified":"2024-09-02T09:36:12","modified_gmt":"2024-09-02T07:36:12","slug":"feedback","status":"publish","type":"page","link":"https:\/\/www.kita-regenbogen.ch\/en\/kontakt\/feedback\/","title":{"rendered":"Feedback"},"content":{"rendered":"<h2>Parents are completly satisfied with Quality of the Regenbogen-Daycare (April 2024)<\/h2>\n<p><a href=\"https:\/\/www.kita-regenbogen.ch\/wp-content\/uploads\/2024\/09\/Ergebnisse-Elternbefragung-2024_WP.pdf\"><img loading=\"lazy\" decoding=\"async\" class=\"wp-image-46642 alignleft\" src=\"https:\/\/www.kita-regenbogen.ch\/wp-content\/uploads\/2024\/09\/Broschuere-Elternbefragung-Web_Front-scaled.jpg\" alt=\"\" width=\"313\" height=\"433\" \/><\/a>In April 2024, we asked the parents of the Rainbow Kita for detailed feedback on all facets of our work. 41 families took part, which corresponds to a response rate of approximately 40%.<\/p>\n<p>We are very pleased with the result and would like to thank all participating parents for the overwhelming praise, but also for critical feedback and constructive comments, which help us to focus our quality management on the right areas.<\/p>\n<p>The detailed results are available to download here (click on the image on the left).<\/p>\n<p>&nbsp;<\/p>\n<p>&nbsp;<\/p>\n<p>&nbsp;<\/p>\n<h2>&#8220;A happy Mum&#8221; ( July 2017)<\/h2>\n<p>It was sheer luck that I discovered the lovely Kita Regenbogen! I had just moved to Zurich with my family from Australia and we happened to pass by it on its Open House day. \u00a0My level of German was still pretty limited back then and with zero family support nearby, I had to figure out \u201cbaby and family things in Zurich\u201d rather quickly on our own.<\/p>\n<p>That day, I got to know one of the Kita\u2019s group leaders, who was able to communicate in English sufficiently. \u00a0He directed me to the principal and director of the Kita, Markus. To my relief, he spoke fluent English and this became the basis of our trust in this non-English speaking day care in Zurich: that I could talk to someone in charge without bringing in a translator. Markus was very good and patient at answering my endless questions; some as a worried first-time mother and some were definitely related to getting to know how things operate in Switzerland and our cultural differences. I had genuine concerns about enrolling my child into an only German-speaking day care but decided after visiting and reviewing the site, that there was no other day care I\u2019d rather enrol my baby at.<\/p>\n<p>I was taking German classes and I used the opportunity to speak to my daughter\u2019s Kita group leaders and assistants to practice the language. What\u2019s funny is that some of them ended up giving a crash course in Swiss German instead. In \u00a0my German class, you would not be learning words such as \u201cwickler\u201d, \u201cnuggi\u201d, \u201ckaki gemacht\u201d or the unique Swiss German grammar. It took a long time but I was able to get the hang of it, though nowhere fluent. I would say to my Swiss friends that the only Swiss German I know were what the Kita has taught me. Which doesn\u2019t mean much for adult conversations. \ud83d\ude42<\/p>\n<p>Remember the group leader I mentioned on Open House Day? He ended up being one of my daughter\u2019s group leaders for 2.5 years! He and his team were efficient, lovely and caring people. We were so grateful and appreciated the fact that they were the ones who were taking care of our child. If there was an issue, we were able to address them appropriately and they took them seriously. They were also patient and consistent at encouraging my daughter to speak German. She definitely learnt it from day care \u2013 our household language has always been English and if it weren\u2019t for the Kita, my daughter would never have been exposed to Swiss German.<\/p>\n<p>If there\u2019s any advice I could offer new expats to Zurich when it comes to enrolling their children in a non-English speaking local Swiss day care, is to communicate as clear as possible with the principal and team leaders. Discuss every safety concern, cultural expectations\/differences and don\u2019t be afraid to ask questions. I think I must have asked Markus a million questions and this was way before the English website was available!<\/p>\n<p>It would take some time to establish trust but overall we had an excellent experience at Kita Regenbogen. In the beginning, if you were used to signing consent forms for class excursions, you might be surprised that at the Kita they might take out the kids after lunch for an excursion without giving you a prior notice. They could be going to the zoo, museum, airport playground etc. with the tram or train. This used to be shocking for me but after awhile I saw how careful they were with the kids and have even ran into a group of them coming back from a trip to the lake when we happened to be on the same tram back to Kreis 5.<\/p>\n<p>I\u2019d have to say that at the upper managerial level, things must have been done right. It would not have been possible to have such a happy yet orderly Kita like Kita Regenbogen without the hands-on management of the daycare\u2019s directors. They deserve their QualiKita seal of approval and I wish them all the best always.<\/p>\n<p>A Happy Mum,<\/p>\n<p>M T<\/p>\n<h2>Die Grosseltern sagen &#8220;Danke&#8221; (16.12.2016)<\/h2>\n<p>Als Grosseltern m\u00f6chten wir uns einmal sehr herzlich f\u00fcr die liebevolle Betreuung unseres kleinen Herzk\u00e4fers bedanken.<\/p>\n<p>Seit etwas mehr als zwei Jahren verfolgen wir mit grossem Interesse, wie sich unser Enkel entwickelt, welches seine Gschp\u00e4nli sind, was er erlebt, wie sein Tag aussieht, was er isst und was ihn interessiert. Wir sind begeistert, wie gut die ganze Betreuung funktioniert. Ich durfte unseren Enkel hin und wieder abholen und habe jedes Mal gestaunt, wie zufrieden die Kinder sind. Auch der kleine Rapport am Abend ist sehr aufschlussreich.<\/p>\n<p>Die verschiedenen M\u00f6glichkeiten, welche die Kinder mit den Bereichen Ern\u00e4hrung, Bauen\/ Werken, Basteln, Musik und Bewegung haben, ist sensationell. Wir gratulieren Ihnen herzlich zu dieser grossartigen Organisation. Eine Mutter zu Hause k\u00f6nnte ihren Kindern diese Vielfalt nie bieten.<\/p>\n<p>Wir danken Ihnen auch im Namen unserer Tochter f\u00fcr die Geborgenheit und die Sicherheit, die der Kleine in der KITA Regenbogen erlebt und im Namen unseres Enkels f\u00fcr den Adventskalender, welchen er mit nach Hause nehmen durfte.<\/p>\n<p>Wir w\u00fcnschen Ihnen allen frohe Weihnachten, einen guten Rutsch in ein gesundes, gl\u00fcckliches neues Jahr 2017 und weiterhin viel Freude bei Ihrer anspruchsvollen Aufgabe.<\/p>\n<h2>Ein grosses Lob von der Oma (14.01.2010):<\/h2>\n<p>Bereits ist es eine Woche her, seit ich meine Enkelin Julia* bei Ihnen in der Kita abholen durfte. Ich danke Ihnen nachtr\u00e4glich nochmals ganz herzlich f\u00fcr Ihren freundlichen Empfang und ihre Hilfe beim \u201eReise fertig machen\u201c von Julia. Es war f\u00fcr mich sehr sch\u00f6n, bei dieser Gelegenheit wieder einmal pers\u00f6nlich miterleben zu k\u00f6nnen, wie sich Julia in der Krippe wohl und \u201ezu Hause\u201c f\u00fchlt.<\/p>\n<p>Julia hat bereits auf dem Weg von der Kita zur Tram Haltestelle und dann w\u00e4hrend der ganzen Reise ins Emmental munter geplaudert, alles genauestens beobachtet und nat\u00fcrlich viel gefragt.<\/p>\n<p>Umso mehr freute ich mich, dass ich trotz r\u00e4umlicher Distanz, via Homepage\/Online-Tagebuch, bereits am Montag wieder ein wenig Gast in der Kita sein durfte, wobei ich auch den Eintrag von Freitagvormittag (Sie haben mir ja erz\u00e4hlt, dass sich Julia am Vormittag im Bewegungsraum vergn\u00fcgt hatte) gelesen und auf den Fotos Julia entdeckt habe. Auf diese Weise bekomme ich indirekt immer wieder ein wenig etwas davon mit, was unser Grosskind erlebt und besch\u00e4ftigt. Vielen herzlichen Dank f\u00fcr alles, was Sie und Ihre KollegInnen f\u00fcr Julia und all die andern Kinder tun. Ihr Engagement f\u00fcr die Kinder ist von unsch\u00e4tzbarem Wert!<\/p>\n<p>Mit herzlichen Gr\u00fcssen von Julias Oma<\/p>\n<p>* Name ge\u00e4ndert.<\/p>\n<p>&nbsp;<\/p>\n<h2>Eine Urkunde f\u00fcr die Kita Regenbogen (30.10.2009)<\/h2>\n<p><a href=\"https:\/\/www.kita-regenbogen.ch\/wp-content\/uploads\/2016\/12\/urkunde.jpeg\" target=\"_blank\" rel=\"noopener\"><img loading=\"lazy\" decoding=\"async\" class=\"alignnone size-full wp-image-20585\" src=\"https:\/\/www.kita-regenbogen.ch\/wp-content\/uploads\/2016\/12\/urkunde.jpeg\" alt=\"\" width=\"640\" height=\"899\" srcset=\"https:\/\/www.kita-regenbogen.ch\/wp-content\/uploads\/2016\/12\/urkunde.jpeg 640w, https:\/\/www.kita-regenbogen.ch\/wp-content\/uploads\/2016\/12\/urkunde-214x300.jpeg 214w\" sizes=\"auto, (max-width: 640px) 100vw, 640px\" \/><\/a><\/p>\n","protected":false},"excerpt":{"rendered":"<p>Parents are completly satisfied with Quality of the Regenbogen-Daycare (April 2024) In April 2024, we asked the parents of the Rainbow Kita for detailed feedback on all facets of our work. 41 families took part, which corresponds to a response rate of approximately 40%. We are very pleased with the result and would like to [&hellip;]<\/p>\n","protected":false},"author":2,"featured_media":0,"parent":680,"menu_order":3,"comment_status":"closed","ping_status":"closed","template":"","meta":{"footnotes":""},"categories":[],"tags":[],"class_list":["post-693","page","type-page","status-publish","hentry"],"_links":{"self":[{"href":"https:\/\/www.kita-regenbogen.ch\/en\/wp-json\/wp\/v2\/pages\/693","targetHints":{"allow":["GET"]}}],"collection":[{"href":"https:\/\/www.kita-regenbogen.ch\/en\/wp-json\/wp\/v2\/pages"}],"about":[{"href":"https:\/\/www.kita-regenbogen.ch\/en\/wp-json\/wp\/v2\/types\/page"}],"author":[{"embeddable":true,"href":"https:\/\/www.kita-regenbogen.ch\/en\/wp-json\/wp\/v2\/users\/2"}],"replies":[{"embeddable":true,"href":"https:\/\/www.kita-regenbogen.ch\/en\/wp-json\/wp\/v2\/comments?post=693"}],"version-history":[{"count":18,"href":"https:\/\/www.kita-regenbogen.ch\/en\/wp-json\/wp\/v2\/pages\/693\/revisions"}],"predecessor-version":[{"id":46652,"href":"https:\/\/www.kita-regenbogen.ch\/en\/wp-json\/wp\/v2\/pages\/693\/revisions\/46652"}],"up":[{"embeddable":true,"href":"https:\/\/www.kita-regenbogen.ch\/en\/wp-json\/wp\/v2\/pages\/680"}],"wp:attachment":[{"href":"https:\/\/www.kita-regenbogen.ch\/en\/wp-json\/wp\/v2\/media?parent=693"}],"wp:term":[{"taxonomy":"category","embeddable":true,"href":"https:\/\/www.kita-regenbogen.ch\/en\/wp-json\/wp\/v2\/categories?post=693"},{"taxonomy":"post_tag","embeddable":true,"href":"https:\/\/www.kita-regenbogen.ch\/en\/wp-json\/wp\/v2\/tags?post=693"}],"curies":[{"name":"wp","href":"https:\/\/api.w.org\/{rel}","templated":true}]}}