{"id":697,"date":"2016-12-02T11:02:07","date_gmt":"2016-12-02T10:02:07","guid":{"rendered":"http:\/\/www.kita-regenbogen.ch\/news\/kommentierte-presseschau\/"},"modified":"2017-08-17T09:12:17","modified_gmt":"2017-08-17T07:12:17","slug":"kommentierte-presseschau","status":"publish","type":"page","link":"https:\/\/www.kita-regenbogen.ch\/en\/news\/kommentierte-presseschau\/","title":{"rendered":"Commented press review"},"content":{"rendered":"<h2>&#8220;Zwangsferien f\u00fcr Krippenkinder&#8221;<\/h2>\n<h4>Tages-Anzeiger vom 19. Mai 2017<\/h4>\n<p><a href=\"http:\/\/www.kita-regenbogen.ch\/wp-content\/uploads\/2016\/12\/TA19052017.pdf\"><img loading=\"lazy\" decoding=\"async\" class=\"alignnone size-medium wp-image-28978\" src=\"http:\/\/www.kita-regenbogen.ch\/wp-content\/uploads\/2016\/12\/Zwangsferien-225x300.jpg\" alt=\"\" width=\"225\" height=\"300\" srcset=\"https:\/\/www.kita-regenbogen.ch\/wp-content\/uploads\/2016\/12\/Zwangsferien-225x300.jpg 225w, https:\/\/www.kita-regenbogen.ch\/wp-content\/uploads\/2016\/12\/Zwangsferien-768x1024.jpg 768w, https:\/\/www.kita-regenbogen.ch\/wp-content\/uploads\/2016\/12\/Zwangsferien.jpg 1200w\" sizes=\"auto, (max-width: 225px) 100vw, 225px\" \/><\/a><\/p>\n<p>Klicken Sie auf das Bild, um den Artikel zu lesen.<\/p>\n<h4>Kommentar:<\/h4>\n<p>Nachdem in den ersten beiden Artikeln des Tagesanzeigers (siehe unten) die Folgen f\u00fcr Kita-Betreiber und die Kita-Landschaft analysiert wurden, zeigt dieser Artikel sehr gut auf, welche Leistungsk\u00fcrzungen den subventionierten Eltern ab 2018 drohen. Die wenigsten Kunden suchen eine Kita mit Betriebsferien, weil diese nur selten zu den pers\u00f6nlichen Ferienplanungen passen. Lassen sich die eigenen Ferien nicht mit den Betriebsferien koordinieren, muss man den Krippenplatz w\u00e4hrend der eigenen Ferien weiterbezahlen und muss dann noch w\u00e4hrend der Betriebsferien eine zus\u00e4tzliche Betreuung organisieren. Aus diesem Grund haben viele Kitas die Betriebsferien abgeschafft, um f\u00fcr die Eltern ein attraktiveres Angebot zu schaffen, wie dies auch vom Bund gef\u00f6rdert wird. Die geplante Verordnung verlangt konkret, subventionierte Kinder w\u00e4hrend 12 Tagen im Jahr von der Betreuungs auszuschliessen, obwohl die Kita f\u00fcr die Vollzahler ge\u00f6ffnet hat. Dass diese soziale Diskriminierung ausgerechnet vom SP-Sozialvorsteher Raphael Golta kommt und die FDP im Gegenzug auf Planwirtschaft setzt, mutet wie verkehrte Welt an.<\/p>\n<h2>&#8220;Z\u00fcrich geht zu wenig weit&#8221;<\/h2>\n<h4>Tages-Anzeiger vom 13. Mai 2017<\/h4>\n<p><a href=\"http:\/\/www.kita-regenbogen.ch\/wp-content\/uploads\/2016\/12\/TA13052017.pdf\"><img loading=\"lazy\" decoding=\"async\" class=\"alignnone size-medium wp-image-28976\" src=\"http:\/\/www.kita-regenbogen.ch\/wp-content\/uploads\/2016\/12\/Zuerich_geht_zu_wenig_weit-300x212.jpeg\" alt=\"\" width=\"300\" height=\"212\" srcset=\"https:\/\/www.kita-regenbogen.ch\/wp-content\/uploads\/2016\/12\/Zuerich_geht_zu_wenig_weit-300x212.jpeg 300w, https:\/\/www.kita-regenbogen.ch\/wp-content\/uploads\/2016\/12\/Zuerich_geht_zu_wenig_weit-768x543.jpeg 768w, https:\/\/www.kita-regenbogen.ch\/wp-content\/uploads\/2016\/12\/Zuerich_geht_zu_wenig_weit-1024x724.jpeg 1024w, https:\/\/www.kita-regenbogen.ch\/wp-content\/uploads\/2016\/12\/Zuerich_geht_zu_wenig_weit.jpeg 1169w\" sizes=\"auto, (max-width: 300px) 100vw, 300px\" \/><\/a><\/p>\n<p>Klicken Sie auf das Bild, um den Artikel zu lesen.<\/p>\n<h4>Kommentar:<\/h4>\n<p>Der erfahrende Experte Peter Hruza best\u00e4tigt, was kibesuisse in seiner Stellungnahme und seinem Fact-Sheet zuhanden der Z\u00fcrcher Stadt- und Gemeinder\u00e4te schon vor Monaten deponiert hat. Wie der Info-Box zum Artikel aber zu entnehmen ist, setzen sogar FDP und CVP auf ein planwirtschaftliches Modell und nehmen zusammen mit SP und den Gr\u00fcnen schlechtere Qualit\u00e4ten f\u00fcr die j\u00fcngsten Kinder Z\u00fcrichs in Kauf. Eine Zwei-Klassen-Kitalandschaft, die eigentich keine der Parteien w\u00fcnschen d\u00fcrfte, steht ab 2018 vor der T\u00fcr.<\/p>\n<p>&nbsp;<\/p>\n<h2>&#8220;Es droht ein Krippensterben&#8221;<\/h2>\n<h4>Tages-Anzeiger vom 12. Mai 2017<\/h4>\n<p><a href=\"http:\/\/www.kita-regenbogen.ch\/wp-content\/uploads\/2016\/12\/TA12052017.pdf\"><img loading=\"lazy\" decoding=\"async\" class=\"alignnone wp-image-28974\" src=\"http:\/\/www.kita-regenbogen.ch\/wp-content\/uploads\/2016\/12\/TA12052017LR-204x300.jpg\" alt=\"\" width=\"226\" height=\"309\" \/><\/a><\/p>\n<p>Klicken Sie auf das Bild, um den Artikel zu lesen.<\/p>\n<h4>Kommentar:<\/h4>\n<p>Der Z\u00fcrcher Stadt- und Gemeinderat schlagen alle Warnungen in den Wind und risikieren mutwillign die \u00fcber Jahre aufgebaute Versorgungsqualit\u00e4t an Kita-Pl\u00e4tzen. Den Eltern wird eine Leistungsreduktion in Form von Zwangsbetriebsferien aufgebrummt, damit die Stadt Z\u00fcrich Geld sparen kann. Mit diesem Geld will sie &#8220;kostenneutral&#8221; weitere subventionierte Kita-Pl\u00e4tze schaffen. Den Kitas wird ein Sparprogramm auferlegt, das zwangsweise zu weniger Leistungen und weniger Qualit\u00e4t f\u00fchren wird. Andere werden gar nicht mehr sparen k\u00f6nnen (es sind ja bereits seit Jahren 40% der Z\u00fcrcher Kitas defizit\u00e4r) und schliessen m\u00fcssen. Davon profitieren h\u00f6chstens die grossen Kita-Ketten, die diese Verluste mit Ertr\u00e4gen aus anderen Standorten eine Zeit quersubventionieren k\u00f6nnen und auf die Schliessung von Mitbewerbern in der Umgebung warten.<\/p>\n<h2>&#8220;Nicht 24 Stunden ums Kind kreisen&#8221;<\/h2>\n<h4>Stern vom 23. Juli 2015<\/h4>\n<p><a href=\"http:\/\/www.kita-regenbogen.ch\/wp-content\/uploads\/2016\/12\/SternArtikel.jpeg\" target=\"_blank\" rel=\"noopener noreferrer\"><img loading=\"lazy\" decoding=\"async\" class=\"alignnone size-full wp-image-1323\" src=\"http:\/\/www.kita-regenbogen.ch\/wp-content\/uploads\/2016\/12\/SternArtikel.jpeg\" alt=\"\" width=\"1653\" height=\"2194\" srcset=\"https:\/\/www.kita-regenbogen.ch\/wp-content\/uploads\/2016\/12\/SternArtikel.jpeg 1653w, https:\/\/www.kita-regenbogen.ch\/wp-content\/uploads\/2016\/12\/SternArtikel-226x300.jpeg 226w, https:\/\/www.kita-regenbogen.ch\/wp-content\/uploads\/2016\/12\/SternArtikel-768x1019.jpeg 768w, https:\/\/www.kita-regenbogen.ch\/wp-content\/uploads\/2016\/12\/SternArtikel-772x1024.jpeg 772w\" sizes=\"auto, (max-width: 1653px) 100vw, 1653px\" \/><\/a><\/p>\n<p>Klicken Sie auf das Bild, um den Artikel zu lesen.<\/p>\n<h4>Kommentar:<\/h4>\n<p>F\u00fcr Kita-Fachleute, die t\u00e4glich ihr Herzblut in die professionelle und liebevolle Betreuung von Kindern investieren, eine sch\u00f6ne und vor allem wissenschaftlich fundierte Best\u00e4tigung, dass der Kita-Besuch viele Vorteile bringen kann. Die qualitative Arbeit in der Kita muss jedoch vorausgesetzt werden k\u00f6nnen, damit positive Effekte zu erwarten sind. Umso mehr freut es das Team der Kita Regenbogen, dass Sie Anfangs Juli 2015 mit dem Qualit\u00e4tslabel \u201eQualiKita\u201c ausgezeichnet wurde.<\/p>\n<h2>Lasst Eure Kinder in Ruhe!<\/h2>\n<h4>Weltwoche vom 5. Mai 2011<\/h4>\n<p><a href=\"http:\/\/www.kita-regenbogen.ch\/wp-content\/uploads\/2016\/12\/Weltwoche0505112.pdf\" target=\"_blank\" rel=\"noopener noreferrer\"><img loading=\"lazy\" decoding=\"async\" class=\"alignnone size-full wp-image-1320\" src=\"http:\/\/www.kita-regenbogen.ch\/wp-content\/uploads\/2016\/12\/Wewo-838x1024.jpeg\" alt=\"\" width=\"838\" height=\"1024\" srcset=\"https:\/\/www.kita-regenbogen.ch\/wp-content\/uploads\/2016\/12\/Wewo-838x1024.jpeg 838w, https:\/\/www.kita-regenbogen.ch\/wp-content\/uploads\/2016\/12\/Wewo-838x1024-246x300.jpeg 246w, https:\/\/www.kita-regenbogen.ch\/wp-content\/uploads\/2016\/12\/Wewo-838x1024-768x938.jpeg 768w\" sizes=\"auto, (max-width: 838px) 100vw, 838px\" \/><\/a><\/p>\n<p>Klicken Sie auf das Bild, um den Artikel zu lesen.<\/p>\n<h4>Kommentar:<\/h4>\n<p>Ein \u00fcberraschender Artikel f\u00fcr die Weltwoche. Der Gastautor Wolfgang Bergmann analysiert scharfsinnig, was wir im Z\u00fcrcher Kita-Wesen mit Besorgnis beobachten. Die Kita Regenbogen versteht sich selbst als Bildungseinrichtung, die sich insbesondere auf fr\u00fchkindkliche Bildungsprozesse spezialisiert hat. Den Bildung beginnt nach unserer Grundhaltung in der ersten Lebenssekunde. Leider wird Bildung jedoch \u00fcberall anders verstanden und h\u00e4ufig mit einer interventionalen F\u00f6rderung gleichgesetzt, um schulische Lernprozesse v\u00f6llig l\u00f6sgel\u00f6st vom Entwicklungsstand der Kinder in die Kita-Zeit vorzuverlegen. Wie der Autor richtig schreibt, sind Lernprozesse im Alter bis f\u00fcnf Jahren sehr stark noch mit Spiel und Selbstbestimmung verbunden. F\u00f6rder-\u201eangebote\u201c (die eigentlich Pflichtlektionen sind),\u00a0 bei denen eine Erzieherin wie eine Club-Med-Animateurin durch die Gruppe h\u00fcpft und zum F\u00f6rderkreis \u201emotiviert\u201c, sind den Lernprozessen von Kindern bis f\u00fcnf Jahren eher abtr\u00e4glich. \u00dcberhaupt sollten Lernprozesse in diesem Alter so weit wie m\u00f6glich durch eigene Neugier intrinsisch motiviert sein. Wer Kinder schon in der Kita bereits darauf dressiert, die Lernziele von anderen zu verfolgen, um Anerkennung oder gar Applaus zu erhalten, muss sich nicht wundern, wenn diese Kinder sp\u00e4ter vom Lebenslangen-Lernen nichts wissen wollen \u2013 denn die intrinsische Motivation wurde dann zugunsten der extrinsischen Motivation erfolgreich korrumpiert. Kurz: Wenn der Applaudator irgendwann mal weg- oder ausf\u00e4llt, ists vorbei mit der Freude am Lernen.<\/p>\n<h2>Kindergarten: Und raus bist Du<\/h2>\n<h4>Zeit Magazin vom 1. Juli 2010<\/h4>\n<h4>\u00dcberall im Land werden Kinderg\u00e4rten gegr\u00fcndet. Nachbarn f\u00fchlen sich von l\u00e4rmenden Horden bel\u00e4stigt und wehren sich \u2013 zum Beispiel in Hamburg<\/h4>\n<p><a href=\"http:\/\/www.zeit.de\/2010\/27\/Kindergaerten\" target=\"_blank\" rel=\"noopener noreferrer\"><img loading=\"lazy\" decoding=\"async\" class=\"alignnone wp-image-1310 size-full\" src=\"http:\/\/www.kita-regenbogen.ch\/wp-content\/uploads\/2016\/12\/kindergarten-hamburg1-540x304.jpeg\" width=\"540\" height=\"304\" srcset=\"https:\/\/www.kita-regenbogen.ch\/wp-content\/uploads\/2016\/12\/kindergarten-hamburg1-540x304.jpeg 540w, https:\/\/www.kita-regenbogen.ch\/wp-content\/uploads\/2016\/12\/kindergarten-hamburg1-540x304-300x169.jpeg 300w\" sizes=\"auto, (max-width: 540px) 100vw, 540px\" \/><\/a><\/p>\n<p>Klicken Sie auf das Bild, um den Artikel im Zeit-Magazin zu lesen.<\/p>\n<h4>Kommentar:<\/h4>\n<p>Wenn Kinder nur noch als Last empfunden werden, braucht man sich nicht zu wundern, wenn die Gesellschaft schrumpft und es Paare vorziehen, das doppelte Einkommen in Ferien und Freizeit statt in den Nachwuchs zu investieren. Dass es die gleichen kinderlosen Paare sein werden, die sich \u00fcber (dann notwendige) Zuwanderung oder sinkende Renten beklagen, kann fast nur noch bel\u00e4chelt werden.<\/p>\n<p>Gar nicht zum Lachen ist es allerdings, wenn Kinder \u00fcberall fortgejagt werden. Die Kita Regenbogen hat zwar eine riesige Wiese vor der T\u00fcr. Ausweichm\u00f6glichkeiten zu finden, ist nicht immer einfach. Auch wir wurden schon von Gr\u00fcnfl\u00e4chen und Spielpl\u00e4tzen in der Nachbarschaft vertrieben.<\/p>\n<h2>H\u00fcttenbauen so wichtig wie Tr\u00e4umen: Erst das Spiel macht uns zum Menschen<\/h2>\n<h4>NEWS vom 19.02.08<\/h4>\n<p><a href=\"http:\/\/www.kita-regenbogen.ch\/wp-content\/uploads\/2016\/12\/news_19022008.jpeg\" target=\"_blank\" rel=\"noopener noreferrer\"><img loading=\"lazy\" decoding=\"async\" class=\"alignnone size-full wp-image-1307\" src=\"http:\/\/www.kita-regenbogen.ch\/wp-content\/uploads\/2016\/12\/news_19022008.jpeg\" alt=\"\" width=\"377\" height=\"555\" srcset=\"https:\/\/www.kita-regenbogen.ch\/wp-content\/uploads\/2016\/12\/news_19022008.jpeg 377w, https:\/\/www.kita-regenbogen.ch\/wp-content\/uploads\/2016\/12\/news_19022008-204x300.jpeg 204w\" sizes=\"auto, (max-width: 377px) 100vw, 377px\" \/><\/a><\/p>\n<p>Klicken Sie auf das Bild, um den Artikel zu lesen.<\/p>\n<h4>Kommentar:<\/h4>\n<p>Unsere Kinder wachsen heute in einer Leistungsgesellschaft auf, die immer h\u00f6here Anforderungen an das Individuum stellt. Die Frage ist, wie man auf diesen Wandel und diese Beschleunigung reagiert. Eltern wie auch Krippen setzen sich intensiv mit dieser Frage auseinander. Vielerorts wird nun versucht, die ersten Bildungsschritte weiter nach vorne zu verlegen. Einige Krippen versuchen sogar, schon im Krippenalter mehrere Fremdsprachen zu vermitteln und Unterrichtseinheiten in den Alltag zu integieren.<\/p>\n<p><span style=\"color: #ff6600;\">Wir meinen: Bildung beginnt am ersten Tag. Deshalb versteht sich die Kita Regenbogen auch als Bildungsinstitution. Aber Bildungsprozesse verlaufen im Krippenalter anders als im Kindergarten- oder Schulalter. Fr\u00fchkindliche Bildungsprozesse sind stark mit den allt\u00e4glichen Interessen und Anliegen der Kinder verbunden und folgen nicht einem Lernprogramm nach Instruktion. F\u00fcr alle Kinder gilt: \u201eDer Weg ist das Spiel\u201c: Spielen bedeutet f\u00fcr Kinder selbstbestimmt zu lernen und die eigene Neugier zu befriedigen. Kinder erwerben durchs Spielen Interesse, Durchhalteverm\u00f6gen und Anstrengungsbereitschaft. Dies sind unserer Meinung nach die wichtigsten Voraussetzungen, um auch in einer sich noch schneller drehenden Welt bestehen zu k\u00f6nnen.<\/span><\/p>\n<h2>Ern\u00e4hrung: Die S\u00fcnden der Kinderkrippen<\/h2>\n<h4>Beobachter vom 25.01.08<\/h4>\n<p><a href=\"https:\/\/www.kita-regenbogen.ch\/en\/ernaehrung-die-suenden-der-kinderkrippen\/\" target=\"_blank\" rel=\"noopener noreferrer\"><img loading=\"lazy\" decoding=\"async\" class=\"alignnone size-full wp-image-1297\" src=\"http:\/\/www.kita-regenbogen.ch\/wp-content\/uploads\/2016\/12\/beobachter1.jpeg\" alt=\"\" width=\"240\" height=\"320\" srcset=\"https:\/\/www.kita-regenbogen.ch\/wp-content\/uploads\/2016\/12\/beobachter1.jpeg 240w, https:\/\/www.kita-regenbogen.ch\/wp-content\/uploads\/2016\/12\/beobachter1-225x300.jpeg 225w\" sizes=\"auto, (max-width: 240px) 100vw, 240px\" \/><\/a><\/p>\n<p>Klicken Sie auf das Bild, um den Artikel zu lesen.<\/p>\n<h4>Kommentar:<\/h4>\n<p>Ein sehr guter Artikel, der den Finger auf eine Wunde legt. Klar: In dem Bestreben, den Tagessatz so tief wie m\u00f6glich zu halten, sollten Krippen auch bestrebt sein, nach Aktionen Ausschau zu halten und gute Ware zu m\u00f6glichst g\u00fcnstigen Preisen einzukaufen. Wichtig ist aber, dass nicht der Preis, sondern das Preis-Leistungs-Verh\u00e4ltnis beim Einkauf den Ausschlag gibt.<\/p>\n<p><span style=\"color: #ff6600;\">F\u00fcr uns ist klar: Wir kochen f\u00fcr unsere Kinder selbst, so dass wir vom Einkauf \u00fcber die Zubereitung bis zum Servieren die gesamte Lebensmittelversorgung mitverfolgen und beeinflussen k\u00f6nnen. Unsere Menupl\u00e4ne werden in Zusammenarbeit mit einer Ern\u00e4hrungsberaterin erstellt. Damit Ihre Kinder von Anfang an mit gesunder Ern\u00e4hrung aufwachsen.<\/span><\/p>\n","protected":false},"excerpt":{"rendered":"<p>&#8220;Zwangsferien f\u00fcr Krippenkinder&#8221; Tages-Anzeiger vom 19. Mai 2017 Klicken Sie auf das Bild, um den Artikel zu lesen. Kommentar: Nachdem in den ersten beiden Artikeln des Tagesanzeigers (siehe unten) die Folgen f\u00fcr Kita-Betreiber und die Kita-Landschaft analysiert wurden, zeigt dieser Artikel sehr gut auf, welche Leistungsk\u00fcrzungen den subventionierten Eltern ab 2018 drohen. Die wenigsten Kunden [&hellip;]<\/p>\n","protected":false},"author":2,"featured_media":0,"parent":679,"menu_order":2,"comment_status":"closed","ping_status":"closed","template":"","meta":{"footnotes":""},"categories":[],"tags":[],"class_list":["post-697","page","type-page","status-publish","hentry"],"_links":{"self":[{"href":"https:\/\/www.kita-regenbogen.ch\/en\/wp-json\/wp\/v2\/pages\/697","targetHints":{"allow":["GET"]}}],"collection":[{"href":"https:\/\/www.kita-regenbogen.ch\/en\/wp-json\/wp\/v2\/pages"}],"about":[{"href":"https:\/\/www.kita-regenbogen.ch\/en\/wp-json\/wp\/v2\/types\/page"}],"author":[{"embeddable":true,"href":"https:\/\/www.kita-regenbogen.ch\/en\/wp-json\/wp\/v2\/users\/2"}],"replies":[{"embeddable":true,"href":"https:\/\/www.kita-regenbogen.ch\/en\/wp-json\/wp\/v2\/comments?post=697"}],"version-history":[{"count":23,"href":"https:\/\/www.kita-regenbogen.ch\/en\/wp-json\/wp\/v2\/pages\/697\/revisions"}],"predecessor-version":[{"id":29965,"href":"https:\/\/www.kita-regenbogen.ch\/en\/wp-json\/wp\/v2\/pages\/697\/revisions\/29965"}],"up":[{"embeddable":true,"href":"https:\/\/www.kita-regenbogen.ch\/en\/wp-json\/wp\/v2\/pages\/679"}],"wp:attachment":[{"href":"https:\/\/www.kita-regenbogen.ch\/en\/wp-json\/wp\/v2\/media?parent=697"}],"wp:term":[{"taxonomy":"category","embeddable":true,"href":"https:\/\/www.kita-regenbogen.ch\/en\/wp-json\/wp\/v2\/categories?post=697"},{"taxonomy":"post_tag","embeddable":true,"href":"https:\/\/www.kita-regenbogen.ch\/en\/wp-json\/wp\/v2\/tags?post=697"}],"curies":[{"name":"wp","href":"https:\/\/api.w.org\/{rel}","templated":true}]}}