{"id":698,"date":"2016-12-02T11:01:09","date_gmt":"2016-12-02T10:01:09","guid":{"rendered":"http:\/\/www.kita-regenbogen.ch\/news\/unsere-kita-in-den-medien\/"},"modified":"2022-04-20T15:54:09","modified_gmt":"2022-04-20T13:54:09","slug":"unsere-kita-in-den-medien","status":"publish","type":"page","link":"https:\/\/www.kita-regenbogen.ch\/en\/news\/unsere-kita-in-den-medien\/","title":{"rendered":"Kita Regenbogen in the media"},"content":{"rendered":"<p><a href=\"https:\/\/www.srf.ch\/play\/tv\/redirect\/detail\/bba060d2-4055-46c9-882b-a8c7486f6208\"> der Sendung &#8220;10vor10&#8221; vom 19. April 2022 \u00fcber die Aufnahme von Kindern aus Fl\u00fcchtlings-Familien<\/a><\/p>\n<p><a href=\"https:\/\/www.kita-regenbogen.ch\/wp-content\/uploads\/2020\/04\/BlickTV.mov\" target=\"_blank\" rel=\"noopener noreferrer\">Beitrag im Blick-TV vom 02. April 2020 \u00fcber offene Fragen f\u00fcr Eltern w\u00e4hrend des Lockdowns<\/a><\/p>\n<p><a href=\"https:\/\/www.srf.ch\/play\/tv\/_\/video\/_?id=6fddbc53-b9a3-4c14-b8ff-89f9a2b88f2f&amp;urn=urn:srf:video:6fddbc53-b9a3-4c14-b8ff-89f9a2b88f2f&amp;aspectRatio=16_9\" target=\"_blank\" rel=\"noopener noreferrer\">Bericht in der Tagesschau vom 18. M\u00e4rz 2020 \u00fcber die Situation nach dem Corona-Lockdown<\/a><\/p>\n<p><a href=\"http:\/\/www.rsi.ch\/play\/tv\/telegiornale\/video\/21-06-2017-lacune-negli-asili-nido?id=9263314\" target=\"_blank\" rel=\"noopener noreferrer\">Beitrag im Tessiner Fernsehen zur Fachkr\u00e4fte-Situation in der Deutschschweiz<\/a><\/p>\n<p><a href=\"https:\/\/www.kita-regenbogen.ch\/wp-content\/uploads\/2016\/12\/TA12052017.pdf\">Artikel im Tagesanzeiger zu den gef\u00e4hrlichen Pl\u00e4nen des Z\u00fcrcher Sozialdepartements<\/a><\/p>\n<p><a href=\"https:\/\/www.kita-regenbogen.ch\/wp-content\/uploads\/2017\/01\/E-Paper-Ausgabe_Limmattaler-Zeitung_Samstag-20-Dezember-2014.pdf\" target=\"_blank\" rel=\"noopener noreferrer\">Artikel in der Limmattaler Zeitung vom 20.12.2014 zur \u00dcbernahme der Kinderkrippe Teddyb\u00e4r<\/a><\/p>\n<p><a href=\"http:\/\/www.srf.ch\/player\/tv\/eco\/video\/kinderkrippen-im-wettbewerb?id=fad97180-8a24-48fe-8fd2-0213919e7f0c\" target=\"_blank\" rel=\"noopener noreferrer\">Das Wirtschaftsmagazin \u201eECO\u201c von SRF1 \u00fcber die wirtschaftlichen Aspekte einer Kita<\/a><\/p>\n<p><a href=\"https:\/\/www.kita-regenbogen.ch\/wp-content\/uploads\/2017\/01\/Beo102014.pdf\" target=\"_blank\" rel=\"noopener noreferrer\">Artikel im Beobachter \u201eWelche Kita f\u00fcr die Kleinen?\u201c<\/a><\/p>\n<p><a href=\"https:\/\/www.kita-regenbogen.ch\/wp-content\/uploads\/2017\/01\/HE0CAB1.mp3\" target=\"_blank\" rel=\"noopener noreferrer\">Interview im Radio 24 zum Thema G\u00fctesiegel f\u00fcr Kindertagess\u00e4tten<\/a><\/p>\n<p><a href=\"https:\/\/www.kita-regenbogen.ch\/wp-content\/uploads\/2017\/01\/201106202011-06-20-120321_1.mp3\" target=\"_blank\" rel=\"noopener noreferrer\">Interview im Radio Z\u00fcrisee zum Thema G\u00fctesiegel f\u00fcr Kindertagess\u00e4tten<\/a><\/p>\n<p><a href=\"https:\/\/www.kita-regenbogen.ch\/wp-content\/uploads\/2017\/01\/blur.mov\" target=\"_blank\" rel=\"noopener noreferrer\">Interview im Radio1 zum Thema G\u00fctesiegel f\u00fcr Kindertagess\u00e4tten<\/a><\/p>\n<p><a href=\"https:\/\/www.kita-regenbogen.ch\/wp-content\/uploads\/2017\/01\/Schwarze-Schafe-bei-den-Krippen.pdf\" target=\"_blank\" rel=\"noopener noreferrer\">Artikel im Tages-Anzeiger \u00fcber Qualit\u00e4t in Z\u00fcrcher Kindertagesst\u00e4tten<\/a><\/p>\n<p><a href=\"http:\/\/www.srf.ch\/play\/tv\/popupvideoplayer?id=f154b71e-0257-4c68-9664-475c4d3b38cd&amp;startTime=16.324\" target=\"_blank\" rel=\"noopener noreferrer\">Kassensturz-Beitrag des Schweizer Fernsehens \u00fcber Kinderschminke<\/a><\/p>\n<p><a href=\"https:\/\/www.kita-regenbogen.ch\/wp-content\/uploads\/2017\/01\/sonntag18042010.pdf\" target=\"_blank\" rel=\"noopener noreferrer\">Artikel im SONNTAG \u00fcber ein G\u00fctesiegel f\u00fcr Kindertagesst\u00e4tten<\/a><\/p>\n<p><a href=\"https:\/\/www.kita-regenbogen.ch\/wp-content\/uploads\/2017\/01\/telezueri260109.mov\" target=\"_blank\" rel=\"noopener noreferrer\">Tele Z\u00fcri \u00fcber die Sicherheit der Kita Regenbogen<\/a><\/p>\n<p><a href=\"https:\/\/www.kita-regenbogen.ch\/wp-content\/uploads\/2017\/01\/cashtv23112008.mov\" target=\"_blank\" rel=\"noopener noreferrer\">CASH-TV in der Kita Regenbogen vom 23.11.2008<\/a><\/p>\n<p><a href=\"https:\/\/www.kita-regenbogen.ch\/wp-content\/uploads\/2017\/01\/blick300808.pdf\" target=\"_blank\" rel=\"noopener noreferrer\">Reportage im BLICK vom 30.08.2008<\/a><\/p>\n<p><a href=\"https:\/\/www.kita-regenbogen.ch\/wp-content\/uploads\/2017\/01\/soblimagazin130408.pdf\" target=\"_blank\" rel=\"noopener noreferrer\">Reportage im SonntagsBlick-Magazin vom 13. April 2008<\/a><\/p>\n<p><a href=\"https:\/\/www.kita-regenbogen.ch\/wp-content\/uploads\/2017\/01\/kita.mp3\" target=\"_blank\" rel=\"noopener noreferrer\">Interview im Radio1 vom 2. April 2008<\/a><\/p>\n<p><a href=\"https:\/\/www.kita-regenbogen.ch\/wp-content\/uploads\/2017\/01\/heut_20080215_0_0_9zh.pdf\" target=\"_blank\" rel=\"noopener noreferrer\">Artikel in der Abendzeitung heute vom 15. Februar 2008<\/a><\/p>\n<p><a href=\"https:\/\/www.kita-regenbogen.ch\/wp-content\/uploads\/2017\/01\/heut_20080201_006.pdf\" target=\"_blank\" rel=\"noopener noreferrer\">Artikel in der Abendzeitung heute vom 1. Februar 2008<\/a><\/p>\n","protected":false},"excerpt":{"rendered":"<p>der Sendung &#8220;10vor10&#8221; vom 19. April 2022 \u00fcber die Aufnahme von Kindern aus Fl\u00fcchtlings-Familien Beitrag im Blick-TV vom 02. April 2020 \u00fcber offene Fragen f\u00fcr Eltern w\u00e4hrend des Lockdowns Bericht in der Tagesschau vom 18. M\u00e4rz 2020 \u00fcber die Situation nach dem Corona-Lockdown Beitrag im Tessiner Fernsehen zur Fachkr\u00e4fte-Situation in der Deutschschweiz Artikel im Tagesanzeiger [&hellip;]<\/p>\n","protected":false},"author":2,"featured_media":0,"parent":679,"menu_order":1,"comment_status":"closed","ping_status":"closed","template":"","meta":{"footnotes":""},"categories":[],"tags":[],"class_list":["post-698","page","type-page","status-publish","hentry"],"_links":{"self":[{"href":"https:\/\/www.kita-regenbogen.ch\/en\/wp-json\/wp\/v2\/pages\/698","targetHints":{"allow":["GET"]}}],"collection":[{"href":"https:\/\/www.kita-regenbogen.ch\/en\/wp-json\/wp\/v2\/pages"}],"about":[{"href":"https:\/\/www.kita-regenbogen.ch\/en\/wp-json\/wp\/v2\/types\/page"}],"author":[{"embeddable":true,"href":"https:\/\/www.kita-regenbogen.ch\/en\/wp-json\/wp\/v2\/users\/2"}],"replies":[{"embeddable":true,"href":"https:\/\/www.kita-regenbogen.ch\/en\/wp-json\/wp\/v2\/comments?post=698"}],"version-history":[{"count":14,"href":"https:\/\/www.kita-regenbogen.ch\/en\/wp-json\/wp\/v2\/pages\/698\/revisions"}],"predecessor-version":[{"id":39571,"href":"https:\/\/www.kita-regenbogen.ch\/en\/wp-json\/wp\/v2\/pages\/698\/revisions\/39571"}],"up":[{"embeddable":true,"href":"https:\/\/www.kita-regenbogen.ch\/en\/wp-json\/wp\/v2\/pages\/679"}],"wp:attachment":[{"href":"https:\/\/www.kita-regenbogen.ch\/en\/wp-json\/wp\/v2\/media?parent=698"}],"wp:term":[{"taxonomy":"category","embeddable":true,"href":"https:\/\/www.kita-regenbogen.ch\/en\/wp-json\/wp\/v2\/categories?post=698"},{"taxonomy":"post_tag","embeddable":true,"href":"https:\/\/www.kita-regenbogen.ch\/en\/wp-json\/wp\/v2\/tags?post=698"}],"curies":[{"name":"wp","href":"https:\/\/api.w.org\/{rel}","templated":true}]}}