{"id":704,"date":"2016-12-02T10:56:31","date_gmt":"2016-12-02T09:56:31","guid":{"rendered":"http:\/\/www.kita-regenbogen.ch\/team\/sponsoren\/"},"modified":"2017-08-17T09:48:12","modified_gmt":"2017-08-17T07:48:12","slug":"sponsoren","status":"publish","type":"page","link":"https:\/\/www.kita-regenbogen.ch\/en\/team\/sponsoren\/","title":{"rendered":"Sponsors"},"content":{"rendered":"<p>Christine Wyss<\/p>\n<p>Dr. Ellen Ringier, Herausgeberin des Elternmagazins <a href=\"http:\/\/www.fritzundfraenzi.ch\/\" target=\"_blank\" rel=\"noopener noreferrer\">Fritz+Fr\u00e4nzi<\/a><\/p>\n<p>Rudolf und Veronika Hugi<\/p>\n<p>Wehrle Bau- und Akquisitions-Management GmbH<\/p>\n<p>Emilie und Rolf Rupp<\/p>\n<p>Tanja und Tim Vieten<\/p>\n<p>Sozialdepartement der Stadt Z\u00fcrich<\/p>\n<p>Bundesamt f\u00fcr Sozialversicherungen BSV (Anstossfinanzierung)<\/p>\n<p><img loading=\"lazy\" decoding=\"async\" class=\"alignnone size-full wp-image-1256\" src=\"http:\/\/www.kita-regenbogen.ch\/wp-content\/uploads\/2016\/12\/logo.gif\" alt=\"\" width=\"225\" height=\"66\" \/><img loading=\"lazy\" decoding=\"async\" class=\"alignnone size-full wp-image-1257\" src=\"http:\/\/www.kita-regenbogen.ch\/wp-content\/uploads\/2016\/12\/logo_migros.jpeg\" alt=\"\" width=\"1185\" height=\"221\" srcset=\"https:\/\/www.kita-regenbogen.ch\/wp-content\/uploads\/2016\/12\/logo_migros.jpeg 1185w, https:\/\/www.kita-regenbogen.ch\/wp-content\/uploads\/2016\/12\/logo_migros-300x56.jpeg 300w, https:\/\/www.kita-regenbogen.ch\/wp-content\/uploads\/2016\/12\/logo_migros-768x143.jpeg 768w, https:\/\/www.kita-regenbogen.ch\/wp-content\/uploads\/2016\/12\/logo_migros-1024x191.jpeg 1024w\" sizes=\"auto, (max-width: 1185px) 100vw, 1185px\" \/><img loading=\"lazy\" decoding=\"async\" class=\"alignnone size-full wp-image-1259\" src=\"http:\/\/www.kita-regenbogen.ch\/wp-content\/uploads\/2016\/12\/logo-robecosam-new-claim.jpeg\" alt=\"\" width=\"3896\" height=\"727\" srcset=\"https:\/\/www.kita-regenbogen.ch\/wp-content\/uploads\/2016\/12\/logo-robecosam-new-claim.jpeg 3896w, https:\/\/www.kita-regenbogen.ch\/wp-content\/uploads\/2016\/12\/logo-robecosam-new-claim-300x56.jpeg 300w, https:\/\/www.kita-regenbogen.ch\/wp-content\/uploads\/2016\/12\/logo-robecosam-new-claim-768x143.jpeg 768w, https:\/\/www.kita-regenbogen.ch\/wp-content\/uploads\/2016\/12\/logo-robecosam-new-claim-1024x191.jpeg 1024w\" sizes=\"auto, (max-width: 3896px) 100vw, 3896px\" \/><\/p>\n<p><img loading=\"lazy\" decoding=\"async\" class=\"alignnone size-full wp-image-1258\" src=\"http:\/\/www.kita-regenbogen.ch\/wp-content\/uploads\/2016\/12\/Araca.jpeg\" alt=\"\" width=\"172\" height=\"101\" \/><img loading=\"lazy\" decoding=\"async\" class=\"alignnone size-full wp-image-1255\" src=\"http:\/\/www.kita-regenbogen.ch\/wp-content\/uploads\/2016\/12\/mepha_logo_pos_2005_klein.jpeg\" alt=\"\" width=\"742\" height=\"193\" srcset=\"https:\/\/www.kita-regenbogen.ch\/wp-content\/uploads\/2016\/12\/mepha_logo_pos_2005_klein.jpeg 742w, https:\/\/www.kita-regenbogen.ch\/wp-content\/uploads\/2016\/12\/mepha_logo_pos_2005_klein-300x78.jpeg 300w\" sizes=\"auto, (max-width: 742px) 100vw, 742px\" \/><img loading=\"lazy\" decoding=\"async\" class=\"alignnone size-full wp-image-1254\" src=\"http:\/\/www.kita-regenbogen.ch\/wp-content\/uploads\/2016\/12\/mg-logo.jpeg\" alt=\"\" width=\"1261\" height=\"571\" srcset=\"https:\/\/www.kita-regenbogen.ch\/wp-content\/uploads\/2016\/12\/mg-logo.jpeg 1261w, https:\/\/www.kita-regenbogen.ch\/wp-content\/uploads\/2016\/12\/mg-logo-300x136.jpeg 300w, https:\/\/www.kita-regenbogen.ch\/wp-content\/uploads\/2016\/12\/mg-logo-768x348.jpeg 768w, https:\/\/www.kita-regenbogen.ch\/wp-content\/uploads\/2016\/12\/mg-logo-1024x464.jpeg 1024w\" sizes=\"auto, (max-width: 1261px) 100vw, 1261px\" \/><\/p>\n<p><strong>M\u00f6chten Sie sich auch f\u00fcr Kinder und Familien engagieren? <\/strong><\/p>\n<p><strong>Haben Sie noch gut erhaltene Spielwaren oder Ausr\u00fcstungen? <\/strong><\/p>\n<p><strong>Oder m\u00f6chten Sie den Kindern und der Kita etwas Spezielles schenken?<\/strong><\/p>\n<p><strong>Nehmen Sie mit uns <a href=\"https:\/\/www.kita-regenbogen.ch\/en\/kontakt\/telefonnummern\/\">Kontakt<\/a> auf! <\/strong><\/p>\n<p>&nbsp;<\/p>\n","protected":false},"excerpt":{"rendered":"<p>Christine Wyss Dr. Ellen Ringier, Herausgeberin des Elternmagazins Fritz+Fr\u00e4nzi Rudolf und Veronika Hugi Wehrle Bau- und Akquisitions-Management GmbH Emilie und Rolf Rupp Tanja und Tim Vieten Sozialdepartement der Stadt Z\u00fcrich Bundesamt f\u00fcr Sozialversicherungen BSV (Anstossfinanzierung) M\u00f6chten Sie sich auch f\u00fcr Kinder und Familien engagieren? Haben Sie noch gut erhaltene Spielwaren oder Ausr\u00fcstungen? Oder m\u00f6chten Sie [&hellip;]<\/p>\n","protected":false},"author":2,"featured_media":0,"parent":681,"menu_order":5,"comment_status":"closed","ping_status":"closed","template":"","meta":{"footnotes":""},"categories":[],"tags":[],"class_list":["post-704","page","type-page","status-publish","hentry"],"_links":{"self":[{"href":"https:\/\/www.kita-regenbogen.ch\/en\/wp-json\/wp\/v2\/pages\/704","targetHints":{"allow":["GET"]}}],"collection":[{"href":"https:\/\/www.kita-regenbogen.ch\/en\/wp-json\/wp\/v2\/pages"}],"about":[{"href":"https:\/\/www.kita-regenbogen.ch\/en\/wp-json\/wp\/v2\/types\/page"}],"author":[{"embeddable":true,"href":"https:\/\/www.kita-regenbogen.ch\/en\/wp-json\/wp\/v2\/users\/2"}],"replies":[{"embeddable":true,"href":"https:\/\/www.kita-regenbogen.ch\/en\/wp-json\/wp\/v2\/comments?post=704"}],"version-history":[{"count":9,"href":"https:\/\/www.kita-regenbogen.ch\/en\/wp-json\/wp\/v2\/pages\/704\/revisions"}],"predecessor-version":[{"id":29980,"href":"https:\/\/www.kita-regenbogen.ch\/en\/wp-json\/wp\/v2\/pages\/704\/revisions\/29980"}],"up":[{"embeddable":true,"href":"https:\/\/www.kita-regenbogen.ch\/en\/wp-json\/wp\/v2\/pages\/681"}],"wp:attachment":[{"href":"https:\/\/www.kita-regenbogen.ch\/en\/wp-json\/wp\/v2\/media?parent=704"}],"wp:term":[{"taxonomy":"category","embeddable":true,"href":"https:\/\/www.kita-regenbogen.ch\/en\/wp-json\/wp\/v2\/categories?post=704"},{"taxonomy":"post_tag","embeddable":true,"href":"https:\/\/www.kita-regenbogen.ch\/en\/wp-json\/wp\/v2\/tags?post=704"}],"curies":[{"name":"wp","href":"https:\/\/api.w.org\/{rel}","templated":true}]}}