{"id":705,"date":"2016-12-02T10:56:09","date_gmt":"2016-12-02T09:56:09","guid":{"rendered":"http:\/\/www.kita-regenbogen.ch\/team\/freie-stellen\/"},"modified":"2017-08-17T13:01:38","modified_gmt":"2017-08-17T11:01:38","slug":"freie-stellen","status":"publish","type":"page","link":"https:\/\/www.kita-regenbogen.ch\/en\/team\/freie-stellen\/","title":{"rendered":"Jobs"},"content":{"rendered":"<h2>Praktikant\/Praktikantin AB august 2018<\/h2>\n<p>Wir haben ab August 2018 offene Praktikumsstellen und suchen PraktikantInnen, die entweder<\/p>\n<ul>\n<li>im 65% Pensum immer vormittags von 7.45 Uhr bis 13.15 Uhr oder nachmittags von 13.00 Uhr bis 18.30 Uhr<br \/>\noder<\/li>\n<li>im 100% Pensum ganztags arbeiten.<\/li>\n<\/ul>\n<p>Wir suchen PraktikantInnen, die sich f\u00fcr Kinder und S\u00e4uglinge interessieren und f\u00fcr ein Jahr in diesen faszinierenden Beruf eintauchen m\u00f6chten. Sie sind motiviert, zuverl\u00e4ssig, belastbar und wollen sich pers\u00f6nlich weiterentwickeln. Zudem haben Sie einen liebevollen Umgang mit Kindern und es macht ihnen Spass im Team zu arbeiten.<\/p>\n<p>Wir bieten einen spannenden Arbeitsplatz in einer modernen, innovativen Kindertagesst\u00e4tte. Im laufenden Kita-Betrieb k\u00fcmmern wir uns um Ihre kontinuierliche F\u00f6rderung und Begeisterung f\u00fcr den Beruf einer Fachperson Betreuung. Zudem besteht die M\u00f6glichkeit, sich intern auf eine Lehrstelle im August 2018 zu bewerben.<\/p>\n<p>Sind Sie interessiert? Dann freuen wir uns auf Ihr Bewerbungsdossier!<\/p>\n<p>Kita Regenbogen<br \/>\nFrau Simone Baumgartner<br \/>\nJosefstrasse 212<br \/>\n8005 Z\u00fcrich<\/p>\n<h2>Lehrstellen 2017<\/h2>\n<p><span style=\"color: #000000;\">Die Kita Regenbogen vergibt alle Lehrstellen, die sie im Sommer 2017 einrichtet, intern an ihre Praktikantinnen. <\/span><\/p>\n<p><span style=\"color: #000000;\">Wir bitten Sie deshalb, uns <strong>KEINE INITIATIVBEWERBUNGEN<\/strong> zu senden. Wir k\u00f6nnen solche leider weder ber\u00fccksichtigen noch retournieren.<\/span><\/p>\n","protected":false},"excerpt":{"rendered":"<p>Praktikant\/Praktikantin AB august 2018 Wir haben ab August 2018 offene Praktikumsstellen und suchen PraktikantInnen, die entweder im 65% Pensum immer vormittags von 7.45 Uhr bis 13.15 Uhr oder nachmittags von 13.00 Uhr bis 18.30 Uhr oder im 100% Pensum ganztags arbeiten. Wir suchen PraktikantInnen, die sich f\u00fcr Kinder und S\u00e4uglinge interessieren und f\u00fcr ein Jahr [&hellip;]<\/p>\n","protected":false},"author":2,"featured_media":0,"parent":681,"menu_order":4,"comment_status":"closed","ping_status":"closed","template":"","meta":{"footnotes":""},"categories":[],"tags":[],"class_list":["post-705","page","type-page","status-publish","hentry"],"_links":{"self":[{"href":"https:\/\/www.kita-regenbogen.ch\/en\/wp-json\/wp\/v2\/pages\/705","targetHints":{"allow":["GET"]}}],"collection":[{"href":"https:\/\/www.kita-regenbogen.ch\/en\/wp-json\/wp\/v2\/pages"}],"about":[{"href":"https:\/\/www.kita-regenbogen.ch\/en\/wp-json\/wp\/v2\/types\/page"}],"author":[{"embeddable":true,"href":"https:\/\/www.kita-regenbogen.ch\/en\/wp-json\/wp\/v2\/users\/2"}],"replies":[{"embeddable":true,"href":"https:\/\/www.kita-regenbogen.ch\/en\/wp-json\/wp\/v2\/comments?post=705"}],"version-history":[{"count":5,"href":"https:\/\/www.kita-regenbogen.ch\/en\/wp-json\/wp\/v2\/pages\/705\/revisions"}],"predecessor-version":[{"id":29985,"href":"https:\/\/www.kita-regenbogen.ch\/en\/wp-json\/wp\/v2\/pages\/705\/revisions\/29985"}],"up":[{"embeddable":true,"href":"https:\/\/www.kita-regenbogen.ch\/en\/wp-json\/wp\/v2\/pages\/681"}],"wp:attachment":[{"href":"https:\/\/www.kita-regenbogen.ch\/en\/wp-json\/wp\/v2\/media?parent=705"}],"wp:term":[{"taxonomy":"category","embeddable":true,"href":"https:\/\/www.kita-regenbogen.ch\/en\/wp-json\/wp\/v2\/categories?post=705"},{"taxonomy":"post_tag","embeddable":true,"href":"https:\/\/www.kita-regenbogen.ch\/en\/wp-json\/wp\/v2\/tags?post=705"}],"curies":[{"name":"wp","href":"https:\/\/api.w.org\/{rel}","templated":true}]}}