{"id":706,"date":"2016-12-02T10:55:50","date_gmt":"2016-12-02T09:55:50","guid":{"rendered":"http:\/\/www.kita-regenbogen.ch\/team\/weiterbildung\/"},"modified":"2022-12-14T10:52:47","modified_gmt":"2022-12-14T09:52:47","slug":"weiterbildung","status":"publish","type":"page","link":"https:\/\/www.kita-regenbogen.ch\/en\/team\/weiterbildung\/","title":{"rendered":"Further training"},"content":{"rendered":"<h2>abgeschlossene Weiterbildungen:<\/h2>\n<ul>\n<li><strong>Notf\u00e4lle bei Kleinkindern (alle GruppenleiterInnen und Lernende der Kita Regenbogen, November 2022)<\/strong><\/li>\n<li>St\u00e4rken-Workshop (Erzieher*innen der Kleinkindergarten-Gruppen, Oktober 2022)<\/li>\n<li>Z\u00fcrcher Ressourcen Modell &#8211; Aufbaukurs (Martina Scheidegger, Mai 2022)<\/li>\n<li>Berufsbildner*innen-Kurs (Pinar Isik, M\u00e4rz\/April 2022)<\/li>\n<li><strong>Workshop zur Pra\u0308vention sexueller Ausbeutung (alle Erzieher*innen, November 2021)<\/strong><\/li>\n<li>Einf\u00fchrung in den Werkkoffer &#8211; Werken f\u00fcr Kinder (Team Lila, November 2021)<\/li>\n<li>St\u00e4rken-Workshop (Erzieher*innen der Kleinkind-Gruppen, November 2021)<\/li>\n<li>Beissen &#8211; Kratzen &#8211; Hauen &#8211; Schlagen (Soleil Togni, Juli 2021)<\/li>\n<li>Leseanimation (Erzieher*innen der Kleinkindergarten-Gruppen, Mai 2021)<\/li>\n<li>Berufsbildner*innen-Kurs (Soleil Togni, Mai 2021)<\/li>\n<li>Babys verstehen, begleiten und f\u00f6rdern (Carmen Sch\u00e4rer, M\u00e4rz bis Juni 2021)<\/li>\n<li>Z\u00fcrcher Ressourcen Modell (Martina Scheidegger, M\u00e4rz 2021)<\/li>\n<li>Babys verstehen, begleiten und f\u00f6rdern (Olivia Gobetti, Januar bis M\u00e4rz 2021)<\/li>\n<li>Praxisausbildner*in Ada PA mit SVEB (Karin Birrer, November 2020 &#8211; Juni 2021)<\/li>\n<li><strong>Notf\u00e4lle bei Kleinkindern (alle GruppenleiterInnen und Lernende der Kita Regenbogen, Dezember 2020 \/ M\u00e4rz 2021)<\/strong><\/li>\n<li>CAS \u00c4sthetische Bildung und kulturelle Teilhabe von Anfang an (Claudia H\u00e4nseler, September 2020 &#8211; Juni 2021)<\/li>\n<li>Marte Meo Basiskurs (Karin Birrer, Mai 2020)<\/li>\n<li>CAS Entwicklungspsychologische Beratung (MMI, Nadin Aeschlimann, August 2019 &#8211; Oktober 2020)<\/li>\n<li>Z\u00fcrcher Ressourcen Modell (Ronald Dratwinski, September 2019)<\/li>\n<li>Hochsensible Kinder (Karin Birrer, September 2019)<\/li>\n<li>Z\u00fcrcher Ressourcen Modell (Ronald Dratwinski, September 2019)<\/li>\n<li>Kindererzieherin HF (Alexandra Schatt, August 2019 &#8211; Juli 2021, Anschluss-HF)<\/li>\n<li>&#8220;Jammern schadet Ihrer Gesundheit&#8221; von Dani Nieth (alle Erzieher*innen, Juni 2019)<\/li>\n<li>Der Raum als dritter Erzieher (Ronald Dratwinski, Selina Meier, Claudia H\u00e4nseler, April 2019)<\/li>\n<li><strong>Notf\u00e4lle bei Kleinkindern (alle GruppenleiterInnen und Lernende der Kita Regenbogen, November 2018)<\/strong><\/li>\n<li>Individualpsychologische Beratung (Simona B\u00f6ni, Oktober 2018 &#8211; Oktober 2022)<\/li>\n<li>infans-MultiplikatorInnen-Ausbildung (Marie-Christine Hug, Oktober 2018 &#8211; Juli 2020)<\/li>\n<li>Meine F\u00fchrungsbeziehung zu Mitarbeitenden erfolgreich gestalten und gemeinsam Ziele erreichen (Simone Baumgartner, November 2018)<\/li>\n<li>Zwischen Fantasie und Angst (Isabelle Buder, Oktober 2018)<\/li>\n<li>Raumgestaltung ist eine kulturelle Notwendigkeit und ein zirkul\u00e4rer, fortw\u00e4hrender Prozess, der nie abgeschlossen ist&#8230;&#8221;Bildungsr\u00e4ume vom Kind aus neu denken&#8221;. (Nadina Egloff, Beatrice Fr\u00f6hlich, Rebecca Merola, Oktober 2018)<\/li>\n<li>Arbeitszeugnisse in Kitas &#8211; Grundlagen und Praxis (D\u00e9sir\u00e9e Giger, September 2018)<\/li>\n<li>Kindererzieherin HF (Martina Schrag, August 2015 &#8211; Juli 2018, Regel-HF)<\/li>\n<li>Kindererzieher HF (Ronald Dratwinski, August 2016 &#8211; Juli 2018, Anschluss-HF)<\/li>\n<li>CAS Entwicklungspsychologische Beratung (MMI, Antonia Widmer, August 2017 &#8211; August 2018)<\/li>\n<li>Sinne, Wahrnehmung, Natur und Bewegung (Stefanie Hollenstein, Juni 2018)<\/li>\n<li>Rhetorik f\u00fcr Frauen (Nadin Aeschlimann, Mai 2018)<\/li>\n<li>Berufsbildner-Kurs (Alina Keusch, Mai 2018)<\/li>\n<li>Infans-Grundlagen-Qualifizierung (Marie-Christine Hug, M\u00e4rz 2018)<\/li>\n<li><strong>Ergonomie und Bewegung am Arbeitsplatz (alle GruppenleiterInnen, M\u00e4rz 2018)<\/strong><\/li>\n<li>Mittagstisch an Tagesschulen (Martina Scheidegger, Januar 2018)<\/li>\n<li><strong>Mission Impossible &#8211; Geht nicht? Gibts nicht! (Gesamtteam, Dezember 2017)<\/strong><\/li>\n<li><strong>Knigge-Kurs (Alle Lernenden der Kita Regenbogen, Nadina Egloff und Simona B\u00f6ni, Oktober 2017)<\/strong><\/li>\n<li>Kindererzieherin HF (Claudia H\u00e4nseler, August 2015 &#8211; Juli 2017, Anschluss-HF)<\/li>\n<li>CAS Kulturelle Bildung im Elementarbereich (Beatrice Fr\u00f6hlich, September 2016 &#8211; Juni 2017)<\/li>\n<li>Bildungskrippen.ch: Einf\u00fchrung f\u00fcr neue Mitarbeitende (Karin Birrer, Stefanie Hollenstein, M\u00e4rz 2017)<\/li>\n<li>Erste F\u00fchrungsaufgabe (Simone Baumgartner, M\u00e4rz 2017)<\/li>\n<li>IPA\/PkOrg Schulung QV 2017 Refresher (Martina Scheidegger, Dezember 2016)<\/li>\n<li>IPA\/PkOrg Schulung QV 2017 (Kerstin Schott, November 2016)<\/li>\n<li><strong>Notf\u00e4lle bei Kleinkindern (alle GruppenleiterInnen und Lernende der Kita Regenbogen, November\/Dezember 2016)<\/strong><\/li>\n<li>Kindererzieherin HF (Marie-Christine Hug, August 2014 &#8211; Juli 2016, Anschluss-HF)<\/li>\n<li>Meine F\u00fchrungsbeziehung zu Mitarbeitenden erfolgreich gestalten und gemeinsam Ziele erreichen (Nadina Egloff, Juli 2016)<\/li>\n<li>Fr\u00fche Musikalit\u00e4t: erkennen und spielend f\u00f6rdern (Tabita Schmid, Juni\/September 2016)<\/li>\n<li>Fr\u00fcherkennung von Gewalt an Kindern (Jessye Schmid, Mai 2016)<\/li>\n<li>Ein Gruppenteam leiten (Isabelle Buder, M\u00e4rz 2016)<\/li>\n<li>Ein Gruppenteam leiten (Jessye Schmid, M\u00e4rz 2016)<\/li>\n<li>Bildungskrippen.ch: Einf\u00fchrung f\u00fcr neue Mitarbeitende (Beatrice Fr\u00f6hlich, Dezember 2015)<\/li>\n<li>IPA\/PkOrg Schulung QV 2016 (Beatrice Fr\u00f6hlich, November 2015)<\/li>\n<li>Die besonderen Bed\u00fcrfnisse von Kindern zwischen 0 bis 2 Jahren und deren Ber\u00fccksichtigung im infans-Konzept (Leandra Agazzi, November 2015)<\/li>\n<li>Ein Team leiten (Antonia Widmer, Oktober 2015)<\/li>\n<li>Diplomlehrgang Berufsbildnerin in Lehrbetrieben (Simona B\u00f6ni, Februar bis August 2015)<\/li>\n<li>Geschichten mit allen Sinnen erleben (Ronald Dratwinski, Juni 2015)<\/li>\n<li>Babys verstehen, begleiten und f\u00f6rdern (Isabelle Buder, Mai 2015)<\/li>\n<li>Bildungskrippen-Einf\u00fchrungskurs (Tabita Schmid, April 2015)<\/li>\n<li>Eine Sache auf den Punkt bringen (Martina Scheidegger, M\u00e4rz 2015)<\/li>\n<li><strong>Hospitation Infans Kitas &#8220;Tausendf\u00fchler&#8221; und &#8220;am Hirzberg&#8221; in Freiburg i.Br. (D) (Alle GruppenleiterInnen und Kita-Leitung, Dezember 2014 \u2013 Februar 2015)<\/strong><\/li>\n<li>Grenzen setzen &#8211; (k)ein Kinderspiel (Isabelle Buder, Januar 2015)<\/li>\n<li><strong>Notf\u00e4lle bei Kleinkindern (alle GruppenleiterInnen und Lernende der Kita Regenbogen, Februar 2015)<\/strong><\/li>\n<li>Kurs f\u00fcr Berufsbildner (Kerstin Schott, Januar 2015)<\/li>\n<li>&#8220;Genderkompetente&#8221; Kita-Mitarbeitende (Ronald Dratwinski, Dezember 2014)<\/li>\n<li>IPA\/PkOrg Refresher-Kurs (Ronald Dratwinski, Dezember 2014)<\/li>\n<li>Mit dem Herzen sehen (Simone Baumgartner und Tijana Tomovic, Oktober 2014)<\/li>\n<li>Bildungskrippen-Einf\u00fchrungskurs (Nadina Egloff, Oktober 2014)<\/li>\n<li>Bildungskrippen-Einf\u00fchrungskurs (Jessye Gunti, Oktober 2014)<\/li>\n<li>Entwicklungspsychologie (Ronald Dratwinski, September 2014)<\/li>\n<li>Die &#8220;wilden Kerle&#8221; in de Kita (Martina Scheidegger, Juni 2014)<\/li>\n<li>\u00dcberzeugend auftreten (Simone Baumgartner, Juni 2014)<\/li>\n<li>Wir haben uns zum streiten gern (Ronald Dratwinski, Sonia Fernandez, Mai 2014)<\/li>\n<li><strong>bildungskrippen.ch (Gesamtteam der Kita Regenbogen, August 2011 &#8211; Januar 2014)<\/strong><\/li>\n<li>Einf\u00fchrung in das INFANS-Konzept (Antonia Widmer, Oktober 2013)<\/li>\n<li><strong>Notf\u00e4lle bei Kleinkindern (alle GruppenleiterInnen und Lernende der Kita Regenbogen, September 2013)<\/strong><\/li>\n<li>IPA f\u00fcr NeueinsteigerInnen (Antonia Widmer, September 2013)<\/li>\n<li>Institutionelle Pr\u00e4vention gegen sexuelle Ausbeutung in der Kita (Claudia H\u00e4nseler, Juni 2013)<\/li>\n<li>Ein Gruppenteam leiten (Ronald Dratwinski, M\u00e4rz 2013)<\/li>\n<li>Office Diplom Stufe 1 (Simone Baumgartner, 2012 &#8211; 2013)<\/li>\n<li>Bildungskrippen-Einf\u00fchrungskurs (Tamara Binder, Oktober 2013)<\/li>\n<li>Fachperson Betreuung S\u00e4uglinge und Kleinkinder (Marie-Christine Hug, 2011 &#8211; 2012)<\/li>\n<li>S\u00e4uglinge &#8220;lesen&#8221;und professionell betreuen (Angela Schnyder, Februar 2012)<\/li>\n<li>Waldp\u00e4dagogik (Stephanie Frei, M\u00e4rz bis November 2011)<\/li>\n<li><strong>Bildungsarbeit in Kindertagesst\u00e4tten (alle GruppenleiterInnen Kleinkindergarten-Gruppen)<\/strong><\/li>\n<li>Leadership KLZ (Claudia H\u00e4nseler, August &#8211; Oktober 2011)<\/li>\n<li>Wenn ein Kind st\u00f6rt&#8230; (Steffy M., September 2011)<\/li>\n<li>\u00dcberzeugend auftreten (Steffy M., September 2011)<\/li>\n<li>Waldtage (Martina Scheidegger, Juni 2011)<\/li>\n<li>Fachperson Betreuung S\u00e4uglinge und Kleinkinder (Simone Baumgartner, 2010 \u2013 2011)<\/li>\n<li>&#8220;Hochschule&#8221; f\u00fcr S\u00e4uglinge und Kleinkinder &#8211; Was kann die Krippe leisten (Monika Irwin und Claudia H\u00e4nseler, 28. M\u00e4rz &#8211; 1. April 2011)<\/li>\n<li>Expertinnen-Kurs (Claudia H\u00e4nseler, Januar 2011)<\/li>\n<li>Sozialisation von Kindern unter 3 Jahren (Angela Schnyder, Herbst 2010)<\/li>\n<li><strong>Notf\u00e4lle bei Kleinkindern (alle Gruppenleiterinnen und Lernenden, Feburar 2010)<\/strong><\/li>\n<li>BerufsbilderInnen-Kurs (alle GruppenleiterInnen)<\/li>\n<li>Beissen-Kratzen-Hauen (Stephanie Frei, M\u00e4rz\/April 2009)<\/li>\n<li>Fachperson Kleinstkinder und S\u00e4uglinge in Kindertagesst\u00e4tten (Claudia H\u00e4nseler, Simone Baumgartner)<\/li>\n<li><strong>Ein guter Start ins Leben, Polly Elam, Expertin f\u00fcr Pikler-P\u00e4dagogik (Gesamtteam, September 2008)<\/strong><\/li>\n<\/ul>\n","protected":false},"excerpt":{"rendered":"<p>abgeschlossene Weiterbildungen: Notf\u00e4lle bei Kleinkindern (alle GruppenleiterInnen und Lernende der Kita Regenbogen, November 2022) St\u00e4rken-Workshop (Erzieher*innen der Kleinkindergarten-Gruppen, Oktober 2022) Z\u00fcrcher Ressourcen Modell &#8211; Aufbaukurs (Martina Scheidegger, Mai 2022) Berufsbildner*innen-Kurs (Pinar Isik, M\u00e4rz\/April 2022) Workshop zur Pra\u0308vention sexueller Ausbeutung (alle Erzieher*innen, November 2021) Einf\u00fchrung in den Werkkoffer &#8211; Werken f\u00fcr Kinder (Team Lila, November 2021) [&hellip;]<\/p>\n","protected":false},"author":2,"featured_media":0,"parent":681,"menu_order":3,"comment_status":"closed","ping_status":"closed","template":"","meta":{"footnotes":""},"categories":[],"tags":[],"class_list":["post-706","page","type-page","status-publish","hentry"],"_links":{"self":[{"href":"https:\/\/www.kita-regenbogen.ch\/en\/wp-json\/wp\/v2\/pages\/706","targetHints":{"allow":["GET"]}}],"collection":[{"href":"https:\/\/www.kita-regenbogen.ch\/en\/wp-json\/wp\/v2\/pages"}],"about":[{"href":"https:\/\/www.kita-regenbogen.ch\/en\/wp-json\/wp\/v2\/types\/page"}],"author":[{"embeddable":true,"href":"https:\/\/www.kita-regenbogen.ch\/en\/wp-json\/wp\/v2\/users\/2"}],"replies":[{"embeddable":true,"href":"https:\/\/www.kita-regenbogen.ch\/en\/wp-json\/wp\/v2\/comments?post=706"}],"version-history":[{"count":8,"href":"https:\/\/www.kita-regenbogen.ch\/en\/wp-json\/wp\/v2\/pages\/706\/revisions"}],"predecessor-version":[{"id":41450,"href":"https:\/\/www.kita-regenbogen.ch\/en\/wp-json\/wp\/v2\/pages\/706\/revisions\/41450"}],"up":[{"embeddable":true,"href":"https:\/\/www.kita-regenbogen.ch\/en\/wp-json\/wp\/v2\/pages\/681"}],"wp:attachment":[{"href":"https:\/\/www.kita-regenbogen.ch\/en\/wp-json\/wp\/v2\/media?parent=706"}],"wp:term":[{"taxonomy":"category","embeddable":true,"href":"https:\/\/www.kita-regenbogen.ch\/en\/wp-json\/wp\/v2\/categories?post=706"},{"taxonomy":"post_tag","embeddable":true,"href":"https:\/\/www.kita-regenbogen.ch\/en\/wp-json\/wp\/v2\/tags?post=706"}],"curies":[{"name":"wp","href":"https:\/\/api.w.org\/{rel}","templated":true}]}}