{"id":710,"date":"2016-12-07T15:39:07","date_gmt":"2016-12-07T14:39:07","guid":{"rendered":"http:\/\/www.kita-regenbogen.ch\/der-ansatz-von-emmi-pikler\/"},"modified":"2016-12-21T17:27:47","modified_gmt":"2016-12-21T16:27:47","slug":"der-ansatz-von-emmi-pikler","status":"publish","type":"page","link":"https:\/\/www.kita-regenbogen.ch\/en\/der-ansatz-von-emmi-pikler\/","title":{"rendered":"Der Ansatz von Emmi Pikler"},"content":{"rendered":"<h2>\u2026in Anlehnung an Emmi Pikler\u2026<\/h2>\n<p>Das schreiben sich heute viele Krippen auf die Fahne\u2026.doch wer ist Emmi Pikler eigentlich? Was ist Ihr Ansatz?<\/p>\n<p>Emmi Pikler (1902 -1984), Kinder\u00e4rztin, Gr\u00fcnderin und langj\u00e4hrige Leiterin des Pikler-Instituts (im ungarischen Budapest \u201eLoczy\u201c genannt) hat schon in den 1930er Jahren den Wert der Eigenaktivit\u00e4t und autonomen Bewegungsentwicklung des Kindes f\u00fcr seine Pers\u00f6nlichkeitsentfaltung erkannt. Im freien Spiel entwickelt es u.a. Selbstvertrauen, Geschicklichkeit und Ausdauer und erlebt seine Kompetenz.<\/p>\n<p>Der Name Emmi Pikler steht f\u00fcr einen Bewusstseinswandel im Umgang mit dem S\u00e4ugling und Kleinkind. Das Kind wird als Mensch und Partner ernst genommen. Statt es einfach nach unseren Vorstellungen zu f\u00f6rdern, zu motivieren oder zu besch\u00e4ftigen geht es darum, mit ihm in einen wirklichen Kontakt zu treten \u2013 mit ihm vertraut zu werden und eine auf Achtsamkeit, Einf\u00fchlungsverm\u00f6gen, Liebe und Respekt beruhende Beziehung aufzubauen.<\/p>\n<p>Sein Bed\u00fcrfnis nach Geborgenheit wird durch liebevolle Zuwendung und ungeteilte Aufmerksamkeit befriedigt. Das wirkt sich neben dem allgemeinen Umgang auch stark auf die Pflege aus. Schon dem S\u00e4ugling wird ein Mitwirken bei den Pflegehandlungen erm\u00f6glicht, was ihn zunehmend zur Kooperation bef\u00e4higt. Diese Kinder wachsen zu gesunden Erwachsenen heran, die sich in unsere Gesellschaft ohne Schwierigkeiten integrieren und ihren eigenen Kindern ein Zuhause bieten. Dies hat eine Nachuntersuchung ergeben, die 1968-70 mit Unterst\u00fctzung der Weltgesundheitsorganisation (WHO) an 100 Kindern durchgef\u00fchrt wurde die in ihren ersten drei Jahren im Pikler-Institut lebten.<\/p>\n","protected":false},"excerpt":{"rendered":"<p>\u2026in Anlehnung an Emmi Pikler\u2026 Das schreiben sich heute viele Krippen auf die Fahne\u2026.doch wer ist Emmi Pikler eigentlich? Was ist Ihr Ansatz? Emmi Pikler (1902 -1984), Kinder\u00e4rztin, Gr\u00fcnderin und langj\u00e4hrige Leiterin des Pikler-Instituts (im ungarischen Budapest \u201eLoczy\u201c genannt) hat schon in den 1930er Jahren den Wert der Eigenaktivit\u00e4t und autonomen Bewegungsentwicklung des Kindes f\u00fcr [&hellip;]<\/p>\n","protected":false},"author":2,"featured_media":0,"parent":0,"menu_order":0,"comment_status":"closed","ping_status":"closed","template":"","meta":{"footnotes":""},"categories":[],"tags":[],"class_list":["post-710","page","type-page","status-publish","hentry"],"_links":{"self":[{"href":"https:\/\/www.kita-regenbogen.ch\/en\/wp-json\/wp\/v2\/pages\/710","targetHints":{"allow":["GET"]}}],"collection":[{"href":"https:\/\/www.kita-regenbogen.ch\/en\/wp-json\/wp\/v2\/pages"}],"about":[{"href":"https:\/\/www.kita-regenbogen.ch\/en\/wp-json\/wp\/v2\/types\/page"}],"author":[{"embeddable":true,"href":"https:\/\/www.kita-regenbogen.ch\/en\/wp-json\/wp\/v2\/users\/2"}],"replies":[{"embeddable":true,"href":"https:\/\/www.kita-regenbogen.ch\/en\/wp-json\/wp\/v2\/comments?post=710"}],"version-history":[{"count":1,"href":"https:\/\/www.kita-regenbogen.ch\/en\/wp-json\/wp\/v2\/pages\/710\/revisions"}],"predecessor-version":[{"id":761,"href":"https:\/\/www.kita-regenbogen.ch\/en\/wp-json\/wp\/v2\/pages\/710\/revisions\/761"}],"wp:attachment":[{"href":"https:\/\/www.kita-regenbogen.ch\/en\/wp-json\/wp\/v2\/media?parent=710"}],"wp:term":[{"taxonomy":"category","embeddable":true,"href":"https:\/\/www.kita-regenbogen.ch\/en\/wp-json\/wp\/v2\/categories?post=710"},{"taxonomy":"post_tag","embeddable":true,"href":"https:\/\/www.kita-regenbogen.ch\/en\/wp-json\/wp\/v2\/tags?post=710"}],"curies":[{"name":"wp","href":"https:\/\/api.w.org\/{rel}","templated":true}]}}